{"id":6,"date":"2014-11-12T14:33:36","date_gmt":"2014-11-12T14:33:36","guid":{"rendered":"https:\/\/www.joeheaney.org\/ga\/?page_id=6"},"modified":"2026-02-10T14:23:39","modified_gmt":"2026-02-10T14:23:39","slug":"cartlanna-sheosaimh-i-eanai","status":"publish","type":"page","link":"https:\/\/www.joeheaney.org\/ga\/","title":{"rendered":"Cartlanna Sheosaimh U\u00ed\u00a0\u00c9ana\u00ed"},"content":{"rendered":"<h2 class=\"has-text-align-center\" style=\"margin-bottom:2em;font-style:italic;font-size:1.4em;\">Na Cartlanna<\/h2>\n\n\n\n<div class=\"wp-block-group has-accent-background-color has-background\"><div class=\"wp-block-group__inner-container is-layout-constrained wp-block-group-is-layout-constrained\">\n<h2 class=\"wp-block-heading has-text-align-center has-text-color has-link-color wp-elements-73b5a6aab77eb0cbdb21c422e6634b5d\" style=\"color:#ffffef\">F\u00e9ile Joe \u00c9inni\u00fa 2026<\/h2>\n\n\n\n<p class=\"has-text-align-center has-text-color has-link-color has-large-font-size wp-elements-f27a4e6bdfd55a2f4c385a8af29f6f5a\" style=\"color:#ffffef\">40 bliain den Fh\u00e9ile \u00e1 cheilli\u00faradh!<\/p>\n\n\n\n<p class=\"has-text-align-center has-text-color has-link-color has-larger-font-size wp-elements-7f4078e59f1ff9b6f6e25fc5d4af63a0\" style=\"color:#ffffef\">1\u20134 M\u00ed Bealtaine<br>Carna, Conamara,<br>Contae na Gaillimhe<\/p>\n\n\n\n<p class=\"has-text-align-center has-text-color has-link-color wp-elements-1eeaa9520a1de946038d768b36de70ca\" style=\"color:#ffffef\">cuir an d\u00e1ta sa dialann!<br>t\u00e1 tuilleadh eolais le teacht\u2026<\/p>\n<\/div><\/div>\n\n\n\n<section class=\"\u00edl-fh\u00f3ntach w3-2020-peach-nougat\">\n<h2 style=\"text-align:center; font-size:1.4em;\">Seosamh \u00d3&nbsp;h\u00c9ana\u00ed<\/h2>\n<div class=\"wp-block-image\"><figure class=\"alignleft size-large is-resized\"><img loading=\"lazy\" decoding=\"async\" src=\"https:\/\/www.joeheaney.org\/00-micil\/brannd\u00e1il\/l\u00f3g\u00f3-CJ\u00c9.png\" alt=\"\u00cdomh\u00e1 portr\u00e1ide de Joe \u00c9inni\u00fa.\" width=\"200\" height=\"309\"><figcaption>Seosamh \u00d3&nbsp;h\u00c9ana\u00ed<\/figcaption><\/figure><\/div>\n<p>Bh\u00ed <b>Seosamh \u00d3&nbsp;h\u00c9ana\u00ed<\/b> (<b>Joe \u00c9inni\u00fa<\/b> mar a thugtar air sa mbaile) ar dhuine de na hamhr\u00e1naithe sean-n\u00f3is ab fhearr den bhfichi\u00fa aois. Bh\u00ed an-ch\u00e1il air in \u00c9irinn agus thar lear. Tugann na Cartlanna seo l\u00e9argas d\u00fainn ar a chuid amhr\u00e1na\u00edochta, ar a chuid sc\u00e9ala\u00edochta agus ar a chuid seanchais, i nGaeilge is i mB\u00e9arla, agus t\u00e1 go leor eolais faoi na taifid sin mar anlann ina dteannta.<\/p>\n<p>Ceili\u00faradh ar shaol agus ar shaothar Joe \u00c9inni\u00fa iad na Cartlanna freisin. A chuid mac l\u00e9inn agus a chuid cairde f\u00e9in a rinne an chuid is m\u00f3 de na taifid fuaime agus f\u00edse\u00e1in at\u00e1 ar na leathanaigh seo.<\/p>\n<p>Comhfhiontar is ea na Cartlanna, idir <a href=\"https:\/\/www.ollscoilnagaillimhe.ie\/\">Ollscoil na Gaillimhe<\/a> (<a href=\"https:\/\/www.ollscoilnagaillimhe.ie\/gaeilge\/\">Roinn na Gaeilge<\/a> \u204a <a href=\"https:\/\/www.acadamh.ie\/\">Acadamh na hOllscola\u00edochta Gaeilge<\/a>) agus <a href=\"https:\/\/www.washington.edu\/\">Ollscoil Washington<\/a>.<\/p>\n<p style=\"text-align:right\"><i>Cuardaigh leat \u2014 agus bain taithneamh as a n\u2011aims\u00edonn t\u00fa!<\/i><\/p>\n<\/section>\n\n\n\n<div class=\"micil-gr\u00e1ta-sh\u00edmpl\u00ed-soitheach-3\" id=\"a:the-joe-heaney-collection-inn\u00e9acs\">\n\t<a class=\"micil-gr\u00e1ta-sh\u00edmpl\u00ed-p\u00e1iste\" href=\"https:\/\/www.joeheaney.org\/00-micil\/mbm\/the-joe-heaney-collection-index-cl\u00fadach.jpg\">\n\t\t<img decoding=\"async\" src=\"https:\/\/www.joeheaney.org\/00-micil\/mbm\/the-joe-heaney-collection-index-cl\u00fadach.jpg\">\n\t<\/a>\n\t<a class=\"micil-gr\u00e1ta-sh\u00edmpl\u00ed-p\u00e1iste\" href=\"https:\/\/www.joeheaney.org\/00-micil\/mbm\/the-joe-heaney-collection-index-leathanach-00.jpg\">\n\t\t<img decoding=\"async\" src=\"https:\/\/www.joeheaney.org\/00-micil\/mbm\/the-joe-heaney-collection-index-leathanach-00.jpg\">\n\t<\/a>\n\t<a class=\"micil-gr\u00e1ta-sh\u00edmpl\u00ed-p\u00e1iste\" href=\"https:\/\/www.joeheaney.org\/00-micil\/mbm\/the-joe-heaney-collection-index-leathanach-01.jpg\">\n\t\t<img decoding=\"async\" src=\"https:\/\/www.joeheaney.org\/00-micil\/mbm\/the-joe-heaney-collection-index-leathanach-01.jpg\">\n\t<\/a>\n\t<a class=\"micil-gr\u00e1ta-sh\u00edmpl\u00ed-p\u00e1iste\" href=\"https:\/\/www.joeheaney.org\/00-micil\/mbm\/the-joe-heaney-collection-index-leathanach-06.jpg\">\n\t\t<img decoding=\"async\" src=\"https:\/\/www.joeheaney.org\/00-micil\/mbm\/the-joe-heaney-collection-index-leathanach-06.jpg\">\n\t<\/a>\n\t<a class=\"micil-gr\u00e1ta-sh\u00edmpl\u00ed-p\u00e1iste\" href=\"https:\/\/www.joeheaney.org\/00-micil\/mbm\/the-joe-heaney-collection-index-leathanach-21.jpg\">\n\t\t<img decoding=\"async\" src=\"https:\/\/www.joeheaney.org\/00-micil\/mbm\/the-joe-heaney-collection-index-leathanach-21.jpg\">\n\t<\/a>\n\t<a class=\"micil-gr\u00e1ta-sh\u00edmpl\u00ed-p\u00e1iste\" href=\"https:\/\/www.joeheaney.org\/00-micil\/mbm\/the-joe-heaney-collection-index-leathanach-51.jpg\">\n\t\t<img decoding=\"async\" src=\"https:\/\/www.joeheaney.org\/00-micil\/mbm\/the-joe-heaney-collection-index-leathanach-51.jpg\">\n\t<\/a>\n<\/div>\n\n\n\n<p><\/p>","protected":false},"excerpt":{"rendered":"","protected":false},"author":1,"featured_media":0,"parent":0,"menu_order":0,"comment_status":"closed","ping_status":"open","template":"templates\/template-full-width.php","meta":{"footnotes":""},"class_list":["post-6","page","type-page","status-publish","hentry"],"_links":{"self":[{"href":"https:\/\/www.joeheaney.org\/ga\/wp-json\/wp\/v2\/pages\/6","targetHints":{"allow":["GET"]}}],"collection":[{"href":"https:\/\/www.joeheaney.org\/ga\/wp-json\/wp\/v2\/pages"}],"about":[{"href":"https:\/\/www.joeheaney.org\/ga\/wp-json\/wp\/v2\/types\/page"}],"author":[{"embeddable":true,"href":"https:\/\/www.joeheaney.org\/ga\/wp-json\/wp\/v2\/users\/1"}],"replies":[{"embeddable":true,"href":"https:\/\/www.joeheaney.org\/ga\/wp-json\/wp\/v2\/comments?post=6"}],"version-history":[{"count":412,"href":"https:\/\/www.joeheaney.org\/ga\/wp-json\/wp\/v2\/pages\/6\/revisions"}],"predecessor-version":[{"id":4227,"href":"https:\/\/www.joeheaney.org\/ga\/wp-json\/wp\/v2\/pages\/6\/revisions\/4227"}],"wp:attachment":[{"href":"https:\/\/www.joeheaney.org\/ga\/wp-json\/wp\/v2\/media?parent=6"}],"curies":[{"name":"wp","href":"https:\/\/api.w.org\/{rel}","templated":true}]}}