{"id":52,"date":"2014-11-12T15:18:09","date_gmt":"2014-11-12T15:18:09","guid":{"rendered":"https:\/\/www.joeheaney.org\/ga\/?page_id=52"},"modified":"2024-11-20T09:27:11","modified_gmt":"2024-11-20T09:27:11","slug":"foireann-chartlanna-joe-einniu","status":"publish","type":"page","link":"https:\/\/www.joeheaney.org\/ga\/foireann-chartlanna-joe-einniu\/","title":{"rendered":"Na Cartlanna: Foireann"},"content":{"rendered":"<p class=\"has-text-align-center\"><strong>Iarbhaill (bhunaidh) an Tionscadail<\/strong><\/p>\n\n\n\n<p class=\"has-text-align-center\">An tOllamh Lillis \u00d3&nbsp;Laoire BA ADO MA PhD<\/p>\n\n\n\n<p class=\"has-text-align-center\">Virginia Stevens Blankenhorn BA MA PhD<\/p>\n\n\n\n<p class=\"has-text-align-center\">S\u00e9amas \u00d3&nbsp;Concheanainn BA ADTF<\/p>\n\n\n\n<p class=\"has-text-align-center\">Seathr\u00fan \u00d3&nbsp;Tuairisg PhD<\/p>\n\n\n\n<p class=\"has-text-align-center\"><strong>T\u00e1 na Cartlanna ar a gCoime\u00e1d ag<\/strong><\/p>\n\n\n\n<p class=\"has-text-align-center\">M\u00ed\u010be\u00e1l \u00d3&nbsp;Lo\u010blainn<\/p>","protected":false},"excerpt":{"rendered":"","protected":false},"author":1,"featured_media":0,"parent":0,"menu_order":0,"comment_status":"closed","ping_status":"open","template":"templates\/template-full-width.php","meta":{"footnotes":""},"class_list":["post-52","page","type-page","status-publish","hentry"],"_links":{"self":[{"href":"https:\/\/www.joeheaney.org\/ga\/wp-json\/wp\/v2\/pages\/52","targetHints":{"allow":["GET"]}}],"collection":[{"href":"https:\/\/www.joeheaney.org\/ga\/wp-json\/wp\/v2\/pages"}],"about":[{"href":"https:\/\/www.joeheaney.org\/ga\/wp-json\/wp\/v2\/types\/page"}],"author":[{"embeddable":true,"href":"https:\/\/www.joeheaney.org\/ga\/wp-json\/wp\/v2\/users\/1"}],"replies":[{"embeddable":true,"href":"https:\/\/www.joeheaney.org\/ga\/wp-json\/wp\/v2\/comments?post=52"}],"version-history":[{"count":126,"href":"https:\/\/www.joeheaney.org\/ga\/wp-json\/wp\/v2\/pages\/52\/revisions"}],"predecessor-version":[{"id":4217,"href":"https:\/\/www.joeheaney.org\/ga\/wp-json\/wp\/v2\/pages\/52\/revisions\/4217"}],"wp:attachment":[{"href":"https:\/\/www.joeheaney.org\/ga\/wp-json\/wp\/v2\/media?parent=52"}],"curies":[{"name":"wp","href":"https:\/\/api.w.org\/{rel}","templated":true}]}}