{"id":4184,"date":"2024-05-24T13:05:37","date_gmt":"2024-05-24T12:05:37","guid":{"rendered":"https:\/\/www.joeheaney.org\/ga\/?page_id=4184"},"modified":"2024-05-24T13:48:27","modified_gmt":"2024-05-24T12:48:27","slug":"laocha-an-traidisiuin","status":"publish","type":"page","link":"https:\/\/www.joeheaney.org\/ga\/laocha-an-traidisiuin\/","title":{"rendered":"Laocha an Traidisi\u00fain"},"content":{"rendered":"<div class=\"wp-block-group has-background-color has-text-color has-background has-link-color wp-elements-401a327beac6b20de861eceff3eee0de\" style=\"background-color:#282d3c\"><div class=\"wp-block-group__inner-container is-layout-constrained wp-block-group-is-layout-constrained\">\n<p>Foilseach\u00e1in ghr\u00e9as\u00e1in a cruthnaigh <a href=\"https:\/\/www.dubh-n\u00e1-damh.ie\/\">M\u00ed\u010be\u00e1l \u00d3&nbsp;Lo\u010blainn<\/a>, n\u00f3 at\u00e1 in eagar aige, i dtaobh laocha an traidisi\u00fain Ghaeiligh.<\/p>\n<\/div><\/div>\n\n\n\n<h2 class=\"wp-block-heading\" id=\"a:iorras-aithneach\">Iorras Aithneach<\/h2>\n\n\n\n<p>Cuid de chl\u00e1r oibre <a href=\"https:\/\/www.acadamh.ie\/acadamh\/ionaid\/carna\/\">\u00c1ras Shorcha N\u00ed&nbsp;Ghuairim<\/a>, <a href=\"https:\/\/www.acadamh.ie\/\">Acadamh na&nbsp;hOllscola\u00edochta Gaeilge<\/a>, <a href=\"https:\/\/www.ollscoilnagaillimhe.ie\/\">Ollscoil na&nbsp;Gaillimhe<\/a> na foilseach\u00e1in seo.<\/p>\n\n\n\n<div class=\"wp-block-columns is-layout-flex wp-container-core-columns-is-layout-9d6595d7 wp-block-columns-is-layout-flex\">\n<div class=\"wp-block-column is-layout-flow wp-block-column-is-layout-flow\"><div class=\"wp-block-image\">\n<figure class=\"aligncenter size-large has-custom-border\"><a href=\"https:\/\/www.joeheaney.org\/ga\/\"><img decoding=\"async\" src=\"https:\/\/www.joeheaney.org\/00-micil\/me\u00e1in-alfa\/laocha\/p\u00e1na_cartlanna-joe-\u00e9inni\u00fa.jpg\" alt=\"Cartlanna Joe \u00c9inni\u00fa: www.joeheaney.org\" class=\"has-border-color\" style=\"border-color:#214F31;border-width:1px;border-radius:0.25rem\"\/><\/a><figcaption class=\"wp-element-caption\"><a href=\"https:\/\/www.joeheaney.org\/ga\/\">Joe \u00c9inni\u00fa<\/a><\/figcaption><\/figure>\n<\/div><\/div>\n\n\n\n<div class=\"wp-block-column is-layout-flow wp-block-column-is-layout-flow\"><div class=\"wp-block-image\">\n<figure class=\"aligncenter size-large has-custom-border\"><a href=\"https:\/\/www.m\u00e1iren\u00edghuairim.ie\/\"><img decoding=\"async\" src=\"https:\/\/www.joeheaney.org\/00-micil\/me\u00e1in-alfa\/laocha\/p\u00e1na_ceol-na-mara.jpg\" alt=\"Ceol na Mara: www.m\u00e1iren\u00edghuairim.ie\" class=\"has-border-color\" style=\"border-color:#214F31;border-width:1px;border-radius:0.25rem\"\/><\/a><figcaption class=\"wp-element-caption\"><a href=\"https:\/\/www.m\u00e1iren\u00edghuairim.ie\/\">M\u00e1ire N\u00ed&nbsp;Ghuairim<\/a><\/figcaption><\/figure>\n<\/div><\/div>\n\n\n\n<div class=\"wp-block-column is-layout-flow wp-block-column-is-layout-flow\"><div class=\"wp-block-image\">\n<figure class=\"aligncenter size-large has-custom-border\"><a href=\"https:\/\/www.sorchan\u00edghuairim.ie\/\"><img decoding=\"async\" src=\"https:\/\/www.joeheaney.org\/00-micil\/me\u00e1in-alfa\/laocha\/p\u00e1na_cois\u00edn-shi\u00falach.jpg\" alt=\"Cois\u00edn Shi\u00falach: www.sorchan\u00edghuairim.ie.\" class=\"has-border-color has-primary-border-color\" style=\"border-width:1px;border-radius:0.25rem\"\/><\/a><figcaption class=\"wp-element-caption\"><a href=\"https:\/\/www.sorchan\u00edghuairim.ie\/\">Sorcha N\u00ed&nbsp;Ghuairim<\/a><\/figcaption><\/figure>\n<\/div><\/div>\n<\/div>\n\n\n\n<h2 class=\"wp-block-heading\" id=\"a:ceantair-an-spid\u00e9il-\u204a-an-chnoic\">Ceantair an&nbsp;Spid\u00e9il \u204a an&nbsp;Chnoic<\/h2>\n\n\n\n<p>D\u2019Iontaobhas U\u00ed&nbsp;Chadhain is ea a cruthna\u00edodh m\u00e1irt\u00edn\u00f3cadhain.ie.<\/p>\n\n\n\n<div class=\"wp-block-columns is-layout-flex wp-container-core-columns-is-layout-9d6595d7 wp-block-columns-is-layout-flex\">\n<div class=\"wp-block-column is-layout-flow wp-block-column-is-layout-flow\"><div class=\"wp-block-image\">\n<figure class=\"aligncenter size-large has-custom-border\"><img decoding=\"async\" src=\"https:\/\/www.joeheaney.org\/00-micil\/me\u00e1in-alfa\/1280-720_nvb.png\" alt=\"\" class=\"has-border-color\" style=\"border-color:#214F31;border-width:1px;border-radius:0.25rem\"\/><\/figure>\n<\/div><\/div>\n\n\n\n<div class=\"wp-block-column is-layout-flow wp-block-column-is-layout-flow\"><div class=\"wp-block-image\">\n<figure class=\"aligncenter size-large has-custom-border\"><a href=\"https:\/\/www.m\u00e1irt\u00edn\u00f3cadhain.ie\/\"><img decoding=\"async\" src=\"https:\/\/www.joeheaney.org\/00-micil\/me\u00e1in-alfa\/laocha\/p\u00e1na_iontaobhas-u\u00ed-chadhain.jpg\" alt=\"M\u00e1irt\u00edn \u00d3 Cadhain: www.m\u00e1irt\u00edn\u00f3cadhain.ie\" class=\"has-border-color\" style=\"border-color:#214F31;border-width:1px;border-radius:0.25rem\"\/><\/a><figcaption class=\"wp-element-caption\"><a href=\"https:\/\/www.m\u00e1irt\u00edn\u00f3cadhain.ie\/\">M\u00e1irt\u00edn \u00d3&nbsp;Cadhain<\/a><\/figcaption><\/figure>\n<\/div><\/div>\n\n\n\n<div class=\"wp-block-column is-layout-flow wp-block-column-is-layout-flow\"><div class=\"wp-block-image\">\n<figure class=\"aligncenter size-large has-custom-border\"><img decoding=\"async\" src=\"https:\/\/www.joeheaney.org\/00-micil\/me\u00e1in-alfa\/1280-720_gdm.png\" alt=\"\" class=\"has-border-color\" style=\"border-color:#214F31;border-width:1px;border-radius:0.25rem\"\/><\/figure>\n<\/div><\/div>\n<\/div>\n\n\n\n<h2 class=\"wp-block-heading\">Saothar gaolmhar<\/h2>\n\n\n\n<p>Obair eile i ngort na teangan \u00f3 Bhearna go Carna.<\/p>\n\n\n\n<div class=\"wp-block-columns is-layout-flex wp-container-core-columns-is-layout-9d6595d7 wp-block-columns-is-layout-flex\">\n<div class=\"wp-block-column is-layout-flow wp-block-column-is-layout-flow\"><div class=\"wp-block-image\">\n<figure class=\"aligncenter size-large has-custom-border\"><img decoding=\"async\" src=\"https:\/\/www.joeheaney.org\/00-micil\/me\u00e1in-alfa\/1280-720_nvb.png\" alt=\"\" class=\"has-border-color\" style=\"border-color:#214F31;border-width:1px;border-radius:0.25rem\"\/><\/figure>\n<\/div><\/div>\n\n\n\n<div class=\"wp-block-column is-layout-flow wp-block-column-is-layout-flow\"><div class=\"wp-block-image\">\n<figure class=\"aligncenter size-large\"><a href=\"https:\/\/www.dubh-n\u00e1-damh.ie\/cearta\/gr\u00e9as\u00e1n\/index.php#a:\u00f3-bhea\u027cna-go-ca\u027cna-fo\u027cbai\u027ct-\u204a-gn\u00edomha\u00edocht-pobail\"><img decoding=\"async\" src=\"https:\/\/www.joeheaney.org\/00-micil\/me\u00e1in-alfa\/laocha\/p\u00e1na_du\u1e03-n\u00e1-da\u1e41.jpg\" alt=\"Dubh n\u00e1 Damh www.dubh-n\u00e1-damh.ie\"\/><\/a><figcaption class=\"wp-element-caption\"><a href=\"https:\/\/www.dubh-n\u00e1-damh.ie\/cearta\/gr\u00e9as\u00e1n\/index.php#a:\u00f3-bhea\u027cna-go-ca\u027cna-fo\u027cbai\u027ct-\u204a-gn\u00edomha\u00edocht-pobail\">Forbairt Pobail<\/a><\/figcaption><\/figure>\n<\/div><\/div>\n\n\n\n<div class=\"wp-block-column is-layout-flow wp-block-column-is-layout-flow\"><div class=\"wp-block-image\">\n<figure class=\"aligncenter size-large has-custom-border\"><img decoding=\"async\" src=\"https:\/\/www.joeheaney.org\/00-micil\/me\u00e1in-alfa\/1280-720_gdm.png\" alt=\"\" class=\"has-border-color\" style=\"border-color:#214F31;border-width:1px;border-radius:0.25rem\"\/><\/figure>\n<\/div><\/div>\n<\/div>","protected":false},"excerpt":{"rendered":"","protected":false},"author":1,"featured_media":0,"parent":0,"menu_order":0,"comment_status":"closed","ping_status":"closed","template":"templates\/template-full-width.php","meta":{"footnotes":""},"class_list":["post-4184","page","type-page","status-publish","hentry"],"_links":{"self":[{"href":"https:\/\/www.joeheaney.org\/ga\/wp-json\/wp\/v2\/pages\/4184","targetHints":{"allow":["GET"]}}],"collection":[{"href":"https:\/\/www.joeheaney.org\/ga\/wp-json\/wp\/v2\/pages"}],"about":[{"href":"https:\/\/www.joeheaney.org\/ga\/wp-json\/wp\/v2\/types\/page"}],"author":[{"embeddable":true,"href":"https:\/\/www.joeheaney.org\/ga\/wp-json\/wp\/v2\/users\/1"}],"replies":[{"embeddable":true,"href":"https:\/\/www.joeheaney.org\/ga\/wp-json\/wp\/v2\/comments?post=4184"}],"version-history":[{"count":16,"href":"https:\/\/www.joeheaney.org\/ga\/wp-json\/wp\/v2\/pages\/4184\/revisions"}],"predecessor-version":[{"id":4207,"href":"https:\/\/www.joeheaney.org\/ga\/wp-json\/wp\/v2\/pages\/4184\/revisions\/4207"}],"wp:attachment":[{"href":"https:\/\/www.joeheaney.org\/ga\/wp-json\/wp\/v2\/media?parent=4184"}],"curies":[{"name":"wp","href":"https:\/\/api.w.org\/{rel}","templated":true}]}}