{"id":4151,"date":"2024-05-21T15:56:50","date_gmt":"2024-05-21T14:56:50","guid":{"rendered":"https:\/\/www.joeheaney.org\/ga\/?page_id=4151"},"modified":"2024-05-21T16:45:18","modified_gmt":"2024-05-21T15:45:18","slug":"feile-joe-einniu-2024-ag-uaigh-joe","status":"publish","type":"page","link":"https:\/\/www.joeheaney.org\/ga\/feile-joe-einniu-2024-ag-uaigh-joe\/","title":{"rendered":"F\u00e9ile Joe \u00c9inni\u00fa 2024: Ag Uaigh Joe"},"content":{"rendered":"<h2 class=\"wp-block-heading\" id=\"t:seinnteoirin1\">Seinn an taifeadadh: Ag Uaigh Joe<\/h2>\n\n\n<div style=\"width: 580px;\" class=\"wp-video\"><video class=\"wp-video-shortcode\" id=\"video-4151-1\" width=\"580\" height=\"326\" preload=\"metadata\" controls=\"controls\"><source type=\"video\/mp4\" src=\"https:\/\/www.joeheaney.org\/00-micil\/me\u00e1in\/feile-joe-einniu-2024-ag-uaigh-joe.mp4?_=1\" \/><source type=\"video\/webm\" src=\"https:\/\/www.joeheaney.org\/00-micil\/me\u00e1in\/feile-joe-einniu-2024-ag-uaigh-joe.webm?_=1\" \/><a href=\"https:\/\/www.joeheaney.org\/00-micil\/me\u00e1in\/feile-joe-einniu-2024-ag-uaigh-joe.mp4\">https:\/\/www.joeheaney.org\/00-micil\/me\u00e1in\/feile-joe-einniu-2024-ag-uaigh-joe.mp4<\/a><\/video><\/div>\n\n\n\n<div class=\"dmeite\">\n<span id=\"neasc-nocht-ceilth\" class=\"nmeite\">view \/ hide recording details [+\/-]<\/span><p><\/p>\n<ul id=\"clarMeiteashonrai\" class=\"meiteashonrai\">\n<li><span class=\"lipead-meiteashonrai\">Teideal <span class=\"lipead-meiteashonrai-bearla\">(Title)<\/span>:<\/span> F\u00e9ile Joe \u00c9inni\u00fa: ag Uaigh Joe.<\/li>\n<li><span class=\"lipead-meiteashonrai\">Uimhir Chatal\u00f3ige Ollscoil Washington <span class=\"lipead-meiteashonrai-bearla\">(University of Washington Catalogue Number)<\/span>:<\/span> none.<\/li>\n<li><span class=\"lipead-meiteashonrai\">Uimhir Chnuasach Bh\u00e9aloideas \u00c9ireann <span class=\"lipead-meiteashonrai-bearla\">(National Folklore of Ireland Number)<\/span>:<\/span> none.<\/li>\n<li><span class=\"lipead-meiteashonrai\">Uimhir Roud <span class=\"lipead-meiteashonrai-bearla\">(Roud Number)<\/span>:<\/span> none.<\/li>\n<li><span class=\"lipead-meiteashonrai\">Uimhir Laws <span class=\"lipead-meiteashonrai-bearla\">(Laws Number)<\/span>:<\/span> none.<\/li>\n<li><span class=\"lipead-meiteashonrai\">Uimhir Child <span class=\"lipead-meiteashonrai-bearla\">(Child Number)<\/span>:<\/span> none.<\/li>\n<li><span class=\"lipead-meiteashonrai\">Cnuasach <span class=\"lipead-meiteashonrai-bearla\">(Collection)<\/span>:<\/span> none.<\/li>\n<li><span class=\"lipead-meiteashonrai\">Teanga na Cro\u00edmh\u00edre <span class=\"lipead-meiteashonrai-bearla\">(Core-Item Language)<\/span>:<\/span> none.<\/li>\n<li><span class=\"lipead-meiteashonrai\">Catag\u00f3ir <span class=\"lipead-meiteashonrai-bearla\">(Category)<\/span>:<\/span> none.<\/li>\n<li><span class=\"lipead-meiteashonrai\">Ainm an t\u00e9 a thug <span class=\"lipead-meiteashonrai-bearla\">(Name of Informant)<\/span>:<\/span> N\u00e9ilidh Mulligan, Fiachra Mulligan, Mick O\u2019Brien.<\/li>\n<li><span class=\"lipead-meiteashonrai\">Ainm an t\u00e9 a th\u00f3g <span class=\"lipead-meiteashonrai-bearla\">(Name of Collector)<\/span>:<\/span> M\u00ed\u010be\u00e1l \u00d3&nbsp;Lo\u010blainn.<\/li>\n<li><span class=\"lipead-meiteashonrai\">D\u00e1ta an taifeadta <span class=\"lipead-meiteashonrai-bearla\">(Recording Date)<\/span>:<\/span> 5th May 2024.<\/li>\n<li><span class=\"lipead-meiteashonrai\">Su\u00edomh an taifeadta <span class=\"lipead-meiteashonrai-bearla\">(Recording Location)<\/span>:<\/span> Reilig Mha\u00edorais, Carna, Contae na Gaillimhe, \u00c9ire.<\/li>\n<li><span class=\"lipead-meiteashonrai\">Oc\u00e1id an taifeadta <span class=\"lipead-meiteashonrai-bearla\">(Recording Occasion)<\/span>:<\/span> F\u00e9ile Joe \u00c9inni\u00fa 2024.<\/li>\n<li><span class=\"lipead-meiteashonrai\">Daoine eile a bh\u00ed i l\u00e1thair <span class=\"lipead-meiteashonrai-bearla\">(Others present)<\/span>:<\/span> Comhluadar na F\u00e9ile.<\/li>\n<li><span class=\"lipead-meiteashonrai\">Eagarth\u00f3ireacht <span class=\"lipead-meiteashonrai-bearla\">(Editing)<\/span>:<\/span> M\u00ed\u010be\u00e1l \u00d3&nbsp;Lo\u010blainn.<\/li>\n<li><span class=\"lipead-meiteashonrai\">St\u00e1das ch\u00f3ipcheart an taifeadta <span class=\"lipead-meiteashonrai-bearla\">(Recording copyright status)<\/span>:<\/span> M\u00ed\u010be\u00e1l \u00d3 Lo\u010blainn.<\/li>\n<\/ul>\n<\/div>\n\n\n\n<div class=\"n\u00f3ta\u00ed-bun-leathanaigh\">\n<h2 id=\"t:notai\">N\u00f3ta\u00ed<\/h2>\n<p class=\"ainm-\u00fadair\">Le M\u00ed\u010be\u00e1l \u00d3&nbsp;Lo\u010blainn<\/p>\n<h3>Cuairt ar uaigh Joe \u00c9inni\u00fa<\/h3>\n<p>Ceol \u00e1lainn \u00e1 sheinnt cois na huaighe ag N\u00e9ilidh Mulligan, Fiachra Mulligan \u204a Mick O\u2019Brien, D\u00e9 Domhnaigh an 5\u00fa M\u00ed Bealtaine 2024.<\/p>\n<p><strong>N.B:<\/strong> Taifeadadh ar an dtoirt ab ea \u00e9 seo. N\u00edl an caighde\u00e1n teicni\u00fail thar moladh beirte.<\/p>\n<figure class=\"wp-block-image size-large\"><img decoding=\"async\" src=\"https:\/\/www.joeheaney.org\/00-micil\/mbm\/f\u00e9ile-joe-\u00e9inni\u00fa_uaigh-joe_20240505_sean-williams.jpg\" alt=\"N\u00e9ilidh Mulligan, Fiachra Mulligan agus Mich O\u2019Brien ag seinnt cois uaighe Joe \u00c9inni\u00fa.\"\/><figcaption class=\"wp-element-caption\">\u00d3 chl\u00e9 go deas: Fiachra Mulligan, N\u00e9ilidh Mulligan \u204a Mick O\u2019Brien.<br>(Grianghraf: Sean Williams.)<\/figcaption><\/figure>\n<\/div>\n\n\n\n<h2 class=\"wp-block-heading\">Postaer Fh\u00e9ile Joe \u00c9inni\u00fa  2024<\/h2>\n\n\n<div class=\"wp-block-image is-style-default\">\n<figure class=\"aligncenter size-large\"><img decoding=\"async\" src=\"https:\/\/www.joeheaney.org\/00-micil\/mbm\/fe\u0301ile-joe-\u00e9inniu\u0301-2024_www.jpg\" alt=\"P\u00f3staer Fh\u00e9ile Joe \u00c9inni\u00fa 2024\"\/><figcaption class=\"wp-element-caption\">F\u00e9ile Joe \u00c9inni\u00fa 2024<\/figcaption><\/figure>\n<\/div>","protected":false},"excerpt":{"rendered":"","protected":false},"author":1,"featured_media":0,"parent":0,"menu_order":0,"comment_status":"closed","ping_status":"closed","template":"templates\/template-full-width.php","meta":{"footnotes":""},"class_list":["post-4151","page","type-page","status-publish","hentry"],"_links":{"self":[{"href":"https:\/\/www.joeheaney.org\/ga\/wp-json\/wp\/v2\/pages\/4151","targetHints":{"allow":["GET"]}}],"collection":[{"href":"https:\/\/www.joeheaney.org\/ga\/wp-json\/wp\/v2\/pages"}],"about":[{"href":"https:\/\/www.joeheaney.org\/ga\/wp-json\/wp\/v2\/types\/page"}],"author":[{"embeddable":true,"href":"https:\/\/www.joeheaney.org\/ga\/wp-json\/wp\/v2\/users\/1"}],"replies":[{"embeddable":true,"href":"https:\/\/www.joeheaney.org\/ga\/wp-json\/wp\/v2\/comments?post=4151"}],"version-history":[{"count":17,"href":"https:\/\/www.joeheaney.org\/ga\/wp-json\/wp\/v2\/pages\/4151\/revisions"}],"predecessor-version":[{"id":4177,"href":"https:\/\/www.joeheaney.org\/ga\/wp-json\/wp\/v2\/pages\/4151\/revisions\/4177"}],"wp:attachment":[{"href":"https:\/\/www.joeheaney.org\/ga\/wp-json\/wp\/v2\/media?parent=4151"}],"curies":[{"name":"wp","href":"https:\/\/api.w.org\/{rel}","templated":true}]}}