{"id":31,"date":"2014-11-12T15:03:10","date_gmt":"2014-11-12T15:03:10","guid":{"rendered":"https:\/\/www.joeheaney.org\/ga\/?page_id=31"},"modified":"2021-04-01T11:21:09","modified_gmt":"2021-04-01T10:21:09","slug":"taifeadtai-mean-amhranaithe-shean-nois-eagsula","status":"publish","type":"page","link":"https:\/\/www.joeheaney.org\/ga\/breis-staideir\/liostai-fuaime-agus-fiseain\/taifeadtai-mean-amhranaithe-shean-nois-eagsula\/","title":{"rendered":"Taifeadta\u00ed Me\u00e1n (Amhr\u00e1naithe Shean-n\u00f3is \u00c9ags\u00fala)"},"content":{"rendered":"<p>Le traidisi\u00fan Chonamara a bhaineann formh\u00f3r de na hamhr\u00e1naithe seo a leanas.<\/p>\n<h2>Ar ceirn\u00edn, ar t\u00e9ip, ar dl\u00fathcheirn\u00edn \u2510rl<\/h2>\n<h3>Amhr\u00e1naithe ainmnithe<\/h3>\n<dl class=\"liosta-tagartha-1\">\n<dt>Gear\u00f3id\u00edn Neid\u00ed Frainc Bhreathnach, Rann na Feirste, Co. Dh\u00fan na nGall.<\/dt>\n<dd><cite class=\"albam-ceoil\">Ar Fhoscadh na gCnoc<\/cite>. Cl\u00f3 Iar-chonnachta CD (CICD 130).<\/dd>\n<dt>Elizabeth Cronin, Baile Mh\u00fairne, M\u00fasgra\u00ed U\u00ed\u00a0Fhlo\u00ednn, Co. Chorca\u00ed.<\/dt>\n<dd><cite class=\"leabhar\">Daith\u00ed \u00d3\u00a0Cr\u00f3in\u00edn, The Songs of Elizabeth Cronin<\/cite>. Leabhar agus tr\u00ed dhl\u00fathcheirn\u00edn ina theannta. Four Courts, Dublin (2000). ISBN 1-85182-259-3<\/dd>\n<dt>Nan Tom Taim\u00edn De\u00a0B\u00farca, Ruis\u00edn na Mainiach, Carna, Co. na Gaillimhe.<\/dt>\n<dd><cite class=\"albam-ceoil\">Traditional Songs from Connemara<\/cite>, Cl\u00f3 Iar-Chonnachta CD (CICD 149)<\/dd>\n<dt>R\u00f3is\u00edn agus Naisr\u00edn Elsafty, Bearna, Co. na Gaillimhe.<\/dt>\n<dd><cite class=\"albam-ceoil\">Irlande: L&#8217;Art du Sean-N\u00f3s, Musique du Monde: Collection Dominique Buscail dirig\u00e9e par Gilles Fruchaux<\/cite>. CD (Buda Musique 92711-2).<\/dd>\n<dt>S\u00e9amas Ennis, Co. Bhaile \u00c1tha Cliath; Baillitheoir, amhr\u00e1na\u00ed agus ceolt\u00f3ir.<\/dt>\n<dd><cite class=\"albam-ceoil\">Ceol, Sc\u00e9alta agus Amhr\u00e1in<\/cite>. Gael-Linn CD (CEFCD 009).<\/dd>\n<dt>Sarah Ghriallais, Muicneach Idir Dh\u00e1 Sh\u00e1ile, Co. na Gaillimhe.<\/dt>\n<dd><cite class=\"albam-ceoil\">Connemara Sean-N\u00f3s<\/cite>, Cinq Plan\u00e8tes CD.<\/dd>\n<dt>Johnny Joe Phaits\u00edn &#8216;ac Dhonncha, Aird Thiar, Carna, Co. na Gaillimhe.<\/dt>\n<dd><cite class=\"albam-ceoil\">Grand Airs of Connemara<\/cite>, Topic LP (12T177), Ossian CD (OSS CD 28).<\/dd>\n<dd><cite class=\"albam-ceoil\">More Grand Airs of Connemara<\/cite>, Topic LP (12T202), Ossian cassette (OSS 43).<\/dd>\n<dd><cite class=\"albam-ceoil\">An Aill Bh\u00e1in\u00a0\u2014 The White Rock: Songs in Irish and English from Connemara<\/cite>, Claddagh Records LP (CC9)<\/dd>\n<dd><cite class=\"albam-ceoil\">An Spailp\u00edn F\u00e1nach<\/cite>, Cl\u00f3 Iar-Chonnachta CD (CICD 006)<\/dd>\n<dt>M\u00e1irt\u00edn Tom She\u00e1in\u00edn Mac\u00a0Donnacha, Leitir M\u00f3ir, Co. na Gaillimhe.<\/dt>\n<dd><cite class=\"albam-ceoil\">Bl\u00e1th na h\u00d3ige<\/cite>, Cl\u00f3 Iar-Chonnachta CD (CICD 128)<\/dd>\n<dt>C\u00f3il Neaine Ph\u00e1id\u00edn Mac\u00a0Donncha, Rath Cairn, Co. na M\u00ed.<\/dt>\n<dd><cite class=\"leabhar\">Pluid Dhorcha Le\u00e1ra<\/cite>, Cl\u00f3 Iar-Chonnachta, leabhar agus cais\u00edn (CIC 017).<\/dd>\n<dt>Josie She\u00e1in Jeaic Mac\u00a0Donncha, Aird Thiar, Carna, Co. na Gaillimhe.<\/dt>\n<dd><cite class=\"albam-ceoil\">Josie She\u00e1in Jeaic<\/cite>, Cinq Plan\u00e8tes CD (CP 03426)<\/dd>\n<dt>Dara B\u00e1n Mac\u00a0Donnchadha, Aird Thoir, Carna, Co. na Gaillimhe.<\/dt>\n<dd><cite class=\"albam-ceoil\">Rogha Amhr\u00e1n<\/cite>, Cl\u00f3 Iar-Chonnachta CD (CICD 140).<\/dd>\n<dt>Johnny Mh\u00e1irt\u00edn Leara\u00ed Mac\u00a0Donnchadha, Leitir Ard, Caiseal, Co. na Gaillimhe.<\/dt>\n<dd><cite class=\"albam-ceoil\">Bruach na Carra L\u00e9ith<\/cite>, Cl\u00f3 Iar-Chonnachta Cassette (CIC 092)<\/dd>\n<dd><cite class=\"albam-ceoil\">Condae Mhaigh Eo<\/cite>, Cl\u00f3 Iar-Chonnachta Cassette (CIC 013)<\/dd>\n<dd><cite class=\"albam-ceoil\">Bruach na Beirtr\u00ed<\/cite>, Gael-Linn LP (C\u00c9F 117)<\/dd>\n<dt>M\u00e1ire \u00c1ine N\u00ed\u00a0Dhonnchadha, An Spid\u00e9al, Co. na Gaillimhe.<\/dt>\n<dd><cite class=\"albam-ceoil\">Deora Aille: Irish songs from Connemara<\/cite>, Claddagh Records LP (CC6)<\/dd>\n<dt>S\u00edle N\u00ed\u00a0Fhlaithearta, Baile an tSl\u00e9ibhe, An Spid\u00e9al, Co. na Gaillimhe.<\/dt>\n<dd><cite class=\"albam-ceoil\">Is duitse a bheirim gr\u00e1<\/cite>, Cl\u00f3 Iar-Chonnachta CD (CICD 181)<\/dd>\n<dt>Sorcha N\u00ed\u00a0Ghuairim, Ruis\u00edn na Mainiach, Carna, Co. na Gaillimhe.<\/dt>\n<dd><cite class=\"albam-ceoil\">Sorcha: Amhr\u00e1in Shorcha N\u00ed\u00a0Ghuairim<\/cite>, Gael-Linn CD (CEFCD 182)<\/dd>\n<dt>Treasa N\u00ed\u00a0Mhioll\u00e1in, \u00c1rainn, Co. na Gaillimhe.<\/dt>\n<dd><cite class=\"albam-ceoil\">An Clochar B\u00e1n<\/cite>, Cl\u00f3 Iar-Chonnachta Cassette (CIC 022)<\/dd>\n<dd><cite class=\"albam-ceoil\">Amhr\u00e1in as \u00c1rainn agus as Conamara<\/cite>, Gael-Linn LP (CEF 038)<\/dd>\n<dt>C\u00e1it N\u00ed\u00a0Mhuimhneach\u00e1in, B\u00e9al \u00c1tha \u2019n Ghaorthaidh, M\u00fasgra\u00ed U\u00ed\u00a0Fhlo\u00ednn, Co. Chorca\u00ed.<\/dt>\n<dd><cite class=\"albam-ceoil\">An Joga M\u00f3r<\/cite>, RT\u00c9 CD (RTECD 242)<\/dd>\n<dt>Darach \u00d3\u00a0Cath\u00e1in, Leitir M\u00f3ir, Co. na Gaillimhe agus Rath Cairn, Co. na M\u00ed.<\/dt>\n<dd><cite class=\"albam-ceoil\">Traditional Irish Unaccompanied Singing<\/cite>, Shanachie Cassette 34005<\/dd>\n<dd><cite class=\"albam-ceoil\">Reacaireacht an Riadaigh<\/cite>, Gael-Linn CD (CEFCD 010)<\/dd>\n<dt>P\u00e1draic \u00d3\u00a0Cath\u00e1in, An Cheathr\u00fa Rua, Co. na Gaillimhe.<\/dt>\n<dd><cite class=\"albam-ceoil\">Grand Airs of Connemara<\/cite>, Topic LP (12T177), Ossian CD (OSS CD 28).<\/dd>\n<dd><cite class=\"albam-ceoil\">More Grand Airs of Connemara<\/cite>, Topic LP (12T202), Ossian cassette (OSS 43).<\/dd>\n<dt>Michael Mh\u00e1ire \u2019n Ghabha \u00d3\u00a0Ceannabh\u00e1in, An Aird Thoir, Carna, Co. na Gaillimhe.<\/dt>\n<dd><cite class=\"albam-ceoil\">Cruach na Caoile<\/cite>, Cl\u00f3 Iar-Chonnachta Cassette (CIC 007)<\/dd>\n<dt>Patsy \u00d3\u00a0Ceannabh\u00e1in, Ros Muc, Co. na Gaillimhe.<\/dt>\n<dd><cite class=\"albam-ceoil\">Fear M\u00fainte M\u00e1nla<\/cite>, Cl\u00f3 Iar-Chonnachta CD (CICD 176).<\/dd>\n<dt>Peadar \u00d3\u00a0Ceannabh\u00e1in, Aill na Br\u00f3n, Cill Chiar\u00e1in, Co. na Gaillimhe.<\/dt>\n<dd><cite class=\"albam-ceoil\">Mo Chuid den tSaol: Traditional Songs from Connemara<\/cite>, Cl\u00f3 Iar-Chonnachta CD (CICD 131).<\/dd>\n<dt>M\u00e1irt\u00edn Pheaits \u00d3\u00a0Cual\u00e1in, Teach M\u00f3r, Indreabh\u00e1n, Co. na Gaillimhe.<\/dt>\n<dd><cite class=\"albam-ceoil\">M\u00e1irt\u00edn Pheaits: Traditional Songs from Connemara<\/cite>, Cl\u00f3 Iar-Chonnachta CD (CICD 153).<\/dd>\n<dt>Lillis \u00d3\u00a0Laoire, Gort a&#8217; Choirce, Co. Dh\u00fan na nGall.<\/dt>\n<dd><cite class=\"albam-ceoil\">Bl\u00e1th Gach G\u00e9ag d\u00e1 dTig<\/cite>, Cl\u00f3 Iar-Chonnachta CD (CICD 075).<\/dd>\n<dt>Tom\u00e1s \u00d3\u00a0Neachtain, Baile an tSl\u00e9ibhe, An Spid\u00e9al, Co. na Gaillimhe.<\/dt>\n<dd><cite class=\"albam-ceoil\">Grand Airs of Connemara<\/cite>, Topic LP (12T177), Ossian CD (OSS CD 28).<\/dd>\n<dd><cite class=\"albam-ceoil\">More Grand Airs of Connemara<\/cite>, Topic LP (12T202), Ossian cassette (OSS 43).<\/dd>\n<dt>Miche\u00e1l Seoighe, Gleann M\u00f3r, An Cheathr\u00fa Rua, Co. na Gaillimhe.<\/dt>\n<dd><cite class=\"albam-ceoil\">Amhr\u00e1in as \u00c1rainn agus as Conamara<\/cite>, Gael-Linn LP (CEF 038)<\/dd>\n<dt>Niocl\u00e1s T\u00f3ib\u00edn, An Rinn, Co. Phort L\u00e1irge.<\/dt>\n<dd><cite class=\"albam-ceoil\">Amhr\u00e1in Aneas<\/cite>, Gael-Linn CD (CEFCD 062).<\/dd>\n<dd><cite class=\"albam-ceoil\">Rinn na nGael<\/cite>, Cl\u00f3 Iar-Chonnachta CD (CICD 104).<\/dd>\n<\/dl>\n<h3>Amhr\u00e1naithe \u00e9ags\u00fala<\/h3>\n<dl class=\"liosta-tagartha-1\">\n<dt><cite class=\"albam-ceoil\">Amhr\u00e1in ar an Sean-N\u00f3s<\/cite>.<\/dt>\n<dd>A CD containing examples of traditional singing in Irish from all of the Gaeltacht regions.<\/dd>\n<dd>RTE; CD 185.<\/dd>\n<dt><cite class=\"albam-ceoil\">Corn U\u00ed\u00a0Riada: Buaiteoir\u00ed 1972\u20132007<\/cite>.<\/dt>\n<dd>A CD with songs performed by winners of the Oireachtas Corn U\u00ed\u00a0Riada competition in its first 25 years<\/dd>\n<dd>RT\u00c9 \/ Cl\u00f3 Iar-Chonnachta; CICD 177.<\/dd>\n<dt><cite class=\"albam-ceoil\">Fleadh agus F\u00e9asta: Amhr\u00e1in Choilm de Bhail\u00eds<\/cite>.<\/dt>\n<dd>Songs by the Conamara poet whose life spanned the whole of the nineteenth century and beyond.<\/dd>\n<dd>Cl\u00f3 Iar-Chonnachta; CICD 111.<\/dd>\n<dt><cite class=\"albam-ceoil\">Here Is a Health: Songs, Music and Stories of an Ulster Community<\/cite>.<\/dt>\n<dd>Corcoran, Se\u00e1n<\/dd>\n<dd>Belfast: Arts Council of Northern Ireland (1986)<\/dd>\n<dd>Includes booklet and cassette of songs<\/dd>\n<dt><cite class=\"albam-ceoil\">Na Fonnad\u00f3ir\u00ed: Fonnad\u00f3ir\u00ed Leitir M\u00f3ir<\/cite>.<\/dt>\n<dd>A study by Risteard \u00d3\u00a0hAodha of the singing of one Conamara parish, with four cassettes of songs.<\/dd>\n<dd>Cl\u00f3 Iar-Chonnachta; CIC 119<\/dd>\n<dt><cite class=\"albam-ceoil\">On a Rock in the Middle of the Ocean: Songs and Singers in Tory Island<\/cite>.<\/dt>\n<dd>A CD containing recordings of singers from Tory Island, County Donegal, made between 1950 and 1989 by a number of collectors.<\/dd>\n<dd>Issued with the book <cite class=\"leabhar\">On a Rock in the Middle of the Ocean: Songs and Singers in Tory Island<\/cite>, by Lillis \u00d3\u00a0Laoire<\/dd>\n<dd>Cl\u00f3 Iar-Chonnachta<\/dd>\n<dt><cite class=\"albam-ceoil\">Seolta\u00ed S\u00e9idte \u2014 Setting Sail: Ceolta \u00c9ireann 1957\u201361<\/cite>.<\/dt>\n<dd>The re-mastered re-release of Gael-Linn recordings made between 1957 and 1961.<\/dd>\n<dd>Gael-Linn; CEFCD 184<\/dd>\n<dt><cite class=\"albam-ceoil\">Songs of Aran<\/cite>.<\/dt>\n<dd>A CD reissue of important and influential recordings made by Sidney Robertson Cowell in 1957.<\/dd>\n<dd>Smithsonian Folkways; FM 4002.<\/dd>\n<dt><cite class=\"albam-ceoil\">World Library of Folk and Primitive Music: Ireland<\/cite>.<\/dt>\n<dd>Influential recordings made by Alan Lomax in 1952. Re-issue of the original published by Columbia Records.<\/dd>\n<dd>Rounder; CD 1742.<\/dd>\n<\/dl>\n<h2>Ar an nGr\u00e9as\u00e1n<\/h2>\n<dl class=\"liosta-tagartha-1\">\n<dt>Doegen Records Web Project<\/dt>\n<dd>Taifid fuaime a rinneadh t\u00edmpeall na h\u00c9ireann sna 1930id\u00ed.<\/dd>\n<dd>F\u00e9ach ar <a href=\"https:\/\/www.doegen.ie\/ga\/#irishlink\">Thionscadal Gr\u00e9as\u00e1in Cheirn\u00edn\u00ed Doegen<\/a>.<\/dd>\n<dt>Oireachtas na Gaeilge<\/dt>\n<dd>Com\u00f3rtais Chorn U\u00ed\u00a0Riada, 2006-2008.<\/dd>\n<dd>B\u00edonn podchraolta\u00ed dhe ar f\u00e1il ar l\u00e1ithre\u00e1n <a href=\"https:\/\/www.rte.ie\/rnag\/\">RT\u00c9 Raidi\u00f3 na Gaeltachta<\/a>.<\/dd>\n<\/dl>\n<h2>Ar an teilif\u00eds<\/h2>\n<dl class=\"liosta-tagartha-1\">\n<dt><cite class=\"teilif\u00eds-sraith\">Amhr\u00e1in is Ansa Liom<\/cite><\/dt>\n<dd>Sraith cl\u00e1r do ThG4, ina gcuireann Antaine \u00d3\u00a0Farach\u00e1in agallamh ar amhr\u00e1naithe \u00e9ags\u00fala, is ina ndeir siad na hamhr\u00e1in is fearr leo.<\/dd>\n<\/dl>","protected":false},"excerpt":{"rendered":"","protected":false},"author":1,"featured_media":0,"parent":27,"menu_order":0,"comment_status":"closed","ping_status":"open","template":"templates\/template-full-width.php","meta":{"footnotes":""},"class_list":["post-31","page","type-page","status-publish","hentry"],"_links":{"self":[{"href":"https:\/\/www.joeheaney.org\/ga\/wp-json\/wp\/v2\/pages\/31","targetHints":{"allow":["GET"]}}],"collection":[{"href":"https:\/\/www.joeheaney.org\/ga\/wp-json\/wp\/v2\/pages"}],"about":[{"href":"https:\/\/www.joeheaney.org\/ga\/wp-json\/wp\/v2\/types\/page"}],"author":[{"embeddable":true,"href":"https:\/\/www.joeheaney.org\/ga\/wp-json\/wp\/v2\/users\/1"}],"replies":[{"embeddable":true,"href":"https:\/\/www.joeheaney.org\/ga\/wp-json\/wp\/v2\/comments?post=31"}],"version-history":[{"count":17,"href":"https:\/\/www.joeheaney.org\/ga\/wp-json\/wp\/v2\/pages\/31\/revisions"}],"predecessor-version":[{"id":3758,"href":"https:\/\/www.joeheaney.org\/ga\/wp-json\/wp\/v2\/pages\/31\/revisions\/3758"}],"up":[{"embeddable":true,"href":"https:\/\/www.joeheaney.org\/ga\/wp-json\/wp\/v2\/pages\/27"}],"wp:attachment":[{"href":"https:\/\/www.joeheaney.org\/ga\/wp-json\/wp\/v2\/media?parent=31"}],"curies":[{"name":"wp","href":"https:\/\/api.w.org\/{rel}","templated":true}]}}