{"id":27,"date":"2014-11-12T15:01:38","date_gmt":"2014-11-12T15:01:38","guid":{"rendered":"https:\/\/www.joeheaney.org\/ga\/?page_id=27"},"modified":"2021-04-01T11:10:59","modified_gmt":"2021-04-01T10:10:59","slug":"liostai-fuaime-agus-fiseain","status":"publish","type":"page","link":"https:\/\/www.joeheaney.org\/ga\/breis-staideir\/liostai-fuaime-agus-fiseain\/","title":{"rendered":"Seosamh \u00d3\u00a0h\u00c9ana\u00ed: Liosta\u00ed Fuaime \u204a F\u00edse\u00e1in"},"content":{"rendered":"<p><b>Tugtar faoi deara:<\/b> D\u00e9anann na liosta\u00ed seo tagairt d&#8217;\u00e1bhar fuaime agus f\u00edse\u00e1in a eis\u00edodh ar bhonn tr\u00e1cht\u00e1la agus d&#8217;\u00e1bhar fuaime agus f\u00edse\u00e1in at\u00e1 i seilbh institi\u00faid\u00ed n\u00f3 daoine eile. <em>N\u00ed<\/em> bhaineann siad le taifeadta\u00ed at\u00e1 lonnaithe sna gCartlanna seo.<\/p>\n<p>T\u00e1 taifeadta\u00ed fuaime agus f\u00edse\u00e1in luaite in \u00e9ind\u00ed ar na liosta\u00ed c\u00e9anna faoi l\u00e1thair.<\/p>\n<h2>Taifeadta\u00ed Joe \u00c9inni\u00fa<\/h2>\n<p>D\u00e9anann an liosta seo tagairt do <a href=\"https:\/\/www.joeheaney.org\/ga\/breis-staideir\/liostai-fuaime-agus-fiseain\/taifeadtai-mean-joe-einniu\/\">thaifeadta\u00ed Joe \u00c9inni\u00fa f\u00e9in<\/a>, i me\u00e1in ar n\u00f3s ceirn\u00edn, t\u00e9ip, dluthcheirn\u00edn, raidi\u00f3, teilif\u00eds agus an Idirl\u00edn.<\/p>\n<h2>Taifeadta\u00ed dhaoine eile<\/h2>\n<p>D\u00e9anann an liosta seo tagairt do <a href=\"https:\/\/www.joeheaney.org\/ga\/breis-staideir\/liostai-fuaime-agus-fiseain\/taifeadtai-mean-amhranaithe-shean-nois-eagsula\/\">thaifeadta\u00ed dhaoine eile<\/a>, i me\u00e1in ar n\u00f3s ceirn\u00edn, t\u00e9ip, dluthcheirn\u00edn, raidi\u00f3, teilif\u00eds agus an Idirl\u00edn.<\/p>","protected":false},"excerpt":{"rendered":"","protected":false},"author":1,"featured_media":0,"parent":21,"menu_order":0,"comment_status":"closed","ping_status":"open","template":"templates\/template-full-width.php","meta":{"footnotes":""},"class_list":["post-27","page","type-page","status-publish","hentry"],"_links":{"self":[{"href":"https:\/\/www.joeheaney.org\/ga\/wp-json\/wp\/v2\/pages\/27","targetHints":{"allow":["GET"]}}],"collection":[{"href":"https:\/\/www.joeheaney.org\/ga\/wp-json\/wp\/v2\/pages"}],"about":[{"href":"https:\/\/www.joeheaney.org\/ga\/wp-json\/wp\/v2\/types\/page"}],"author":[{"embeddable":true,"href":"https:\/\/www.joeheaney.org\/ga\/wp-json\/wp\/v2\/users\/1"}],"replies":[{"embeddable":true,"href":"https:\/\/www.joeheaney.org\/ga\/wp-json\/wp\/v2\/comments?post=27"}],"version-history":[{"count":9,"href":"https:\/\/www.joeheaney.org\/ga\/wp-json\/wp\/v2\/pages\/27\/revisions"}],"predecessor-version":[{"id":3753,"href":"https:\/\/www.joeheaney.org\/ga\/wp-json\/wp\/v2\/pages\/27\/revisions\/3753"}],"up":[{"embeddable":true,"href":"https:\/\/www.joeheaney.org\/ga\/wp-json\/wp\/v2\/pages\/21"}],"wp:attachment":[{"href":"https:\/\/www.joeheaney.org\/ga\/wp-json\/wp\/v2\/media?parent=27"}],"curies":[{"name":"wp","href":"https:\/\/api.w.org\/{rel}","templated":true}]}}