{"id":2096,"date":"2018-07-13T15:07:01","date_gmt":"2018-07-13T14:07:01","guid":{"rendered":"https:\/\/www.joeheaney.org\/ga\/?page_id=2096"},"modified":"2021-04-01T10:28:20","modified_gmt":"2021-04-01T09:28:20","slug":"athchoiriu-digiteach","status":"publish","type":"page","link":"https:\/\/www.joeheaney.org\/ga\/athchoiriu-digiteach\/","title":{"rendered":"Na Cartlanna: Athch\u00f3iri\u00fa Digiteach"},"content":{"rendered":"<p>Nach iontach an rud \u00ed an teicneola\u00edocht? Theastaigh m\u00e9id \u00e1irithe athc\u00f3irithe dhigitigh \u00f3n gcuid is m\u00f3 de na d\u00e9ant\u00e1in at\u00e1 sna Cartlanna. Mar a bheif\u00ed ag s\u00fail leis, bh\u00ed cuid acu n\u00ed ba mh\u00f3 ina gh\u00e1tar n\u00e1 a ch\u00e9ile. Seo m\u00e1m bheag sampla\u00ed a l\u00e9ir\u00edonn <i>roimhe<\/i> \u204a <i>d\u00e1 \u00e9is<\/i>.<\/p>\n\n\n\n<h2 class=\"wp-block-heading\" id=\"a:grianghraif\">Grianghraif<\/h2>\n\n\n\n<h3 class=\"wp-block-heading\">Frank Jeal agus an <i class=\"cor-cainte-teangan-eile\">Cultural Binge Society<\/i><\/h3>\n\n\n\n<div class=\"micil-gr\u00e1ta-sh\u00edmpl\u00ed-soitheach-3\">\n\t<figure class=\"micil-gr\u00e1ta-sh\u00edmpl\u00ed-p\u00e1iste\">\n\t\t<a href=\"https:\/\/www.joeheaney.org\/00-micil\/mbm\/athch\u00f3iri\u00fa-cultural-binge-society-meeting-lincoln-inn-c-1972.jpg\">\n\t\t\t<img decoding=\"async\" src=\"https:\/\/www.joeheaney.org\/00-micil\/mbm\/athch\u00f3iri\u00fa-cultural-binge-society-meeting-lincoln-inn-c-1972.jpg\">\n\t\t<\/a>\n\t\t<figcaption>Cultural Binge Society; roim \u204a d\u00e1 \u00e9is<\/figcaption>\n\t<\/figure>\n<\/div>\n\n\n\n<h3 class=\"wp-block-heading\">Frank Jeal agus an Jealmobile<\/h3>\n\n\n\n<div class=\"micil-gr\u00e1ta-sh\u00edmpl\u00ed-soitheach-3\">\n\t<figure class=\"micil-gr\u00e1ta-sh\u00edmpl\u00ed-p\u00e1iste\">\n\t\t<a href=\"https:\/\/www.joeheaney.org\/00-micil\/mbm\/athch\u00f3iri\u00fa-frank-jeal-m\u00e1rta-1973-d\u00fan-dealgan.jpg\">\n\t\t\t<img decoding=\"async\" src=\"https:\/\/www.joeheaney.org\/00-micil\/mbm\/athch\u00f3iri\u00fa-frank-jeal-m\u00e1rta-1973-d\u00fan-dealgan.jpg\">\n\t\t<\/a>\n\t\t<figcaption>An Jealmobile; roim \u204a d\u00e1 \u00e9is<\/figcaption>\n\t<\/figure>\n<\/div>\n\n\n\n<h2 class=\"wp-block-heading\" id=\"a:fuaim\">Fuaim<\/h2>\n\n\n\n<h3 class=\"wp-block-heading\"><cite>All Among the Heather<\/cite>, <cite>Boys from Home<\/cite> \u204a <cite>Some Say the Devil is Dead<\/cite><\/h3>\n\n\n\n<div class=\"micil-gr\u00e1ta-sh\u00edmpl\u00ed-soitheach-3\">\n\t<figure class=\"micil-gr\u00e1ta-sh\u00edmpl\u00ed-p\u00e1iste\">\n\t\t<audio controls=\"\">\n\t\t\t<source src=\"https:\/\/www.joeheaney.org\/00-micil\/me\u00e1in\/athch\u00f3iri\u00fa-all-among-the-heather.ogg\" type=\"audio\/ogg\">\n\t\t\t<source src=\"https:\/\/www.joeheaney.org\/00-micil\/me\u00e1in\/athch\u00f3iri\u00fa-all-among-the-heather.mp3\" type=\"audio\/mpeg\">\n\t\t<\/audio>\n\t\t<figcaption><cite>All Among the Heather<\/cite>; roim \u204a d\u00e1 \u00e9is<\/figcaption>\n\t<\/figure>\n\t<figure class=\"micil-gr\u00e1ta-sh\u00edmpl\u00ed-p\u00e1iste\">\n\t\t<audio controls=\"\">\n\t\t\t<source src=\"https:\/\/www.joeheaney.org\/00-micil\/me\u00e1in\/athch\u00f3iri\u00fa-boys-from-home.ogg\" type=\"audio\/ogg\">\n\t\t\t<source src=\"https:\/\/www.joeheaney.org\/00-micil\/me\u00e1in\/athch\u00f3iri\u00fa-boys-from-home.mp3\" type=\"audio\/mpeg\">\n\t\t<\/audio>\n\t\t<figcaption><cite>Boys From Home<\/cite>; roim \u204a d\u00e1 \u00e9is<\/figcaption>\n\t<\/figure>\n\t<figure class=\"micil-gr\u00e1ta-sh\u00edmpl\u00ed-p\u00e1iste\">\n\t\t<audio controls=\"\">\n\t\t\t<source src=\"https:\/\/www.joeheaney.org\/00-micil\/me\u00e1in\/athch\u00f3iri\u00fa-some-say-the-devil-is-dead.ogg\" type=\"audio\/ogg\">\n\t\t\t<source src=\"https:\/\/www.joeheaney.org\/00-micil\/me\u00e1in\/athch\u00f3iri\u00fa-some-say-the-devil-is-dead.mp3\" type=\"audio\/mpeg\">\n\t\t<\/audio>\n\t\t<figcaption><cite>Some Say the Devil is Dead<\/cite>; roim \u204a d\u00e1 \u00e9is<\/figcaption>\n\t<\/figure>\n<\/div>\n\n\n\n<p><em>Fainic!<\/em> N\u00e1 hardaigh an gl\u00f3r go gcloise t\u00fa iad ina n\u2011ioml\u00e1ine.<\/p>\n\n\n\n<p>T\u00e9ir go <a href=\"https:\/\/www.joeheaney.org\/ga\/all-among-the-heather-and-mary-had-a-little-lamb\/\"><cite class=\"amhr\u00e1n\">All Among the Heather<\/cite><\/a>, the <a href=\"https:\/\/www.joeheaney.org\/ga\/tradition-club-session-18th-july-1973\/\">Tradition Club Session: 18th July 1973<\/a> agus <a href=\"https:\/\/www.joeheaney.org\/ga\/some-say-the-devil-is-dead\/\"><cite class=\"amhr\u00e1n\">Some Say the Devil is Dead<\/cite><\/a> sna Cartlanna.<\/p>\n\n\n\n<h2 class=\"wp-block-heading\" id=\"a:f\u00edse\u00e1n\">F\u00edse\u00e1n<\/h2>\n\n\n\n<h3 class=\"wp-block-heading\"><cite>As I Roved Out<\/cite><\/h3>\n\n\n\n<div class=\"micil-gr\u00e1ta-sh\u00edmpl\u00ed-soitheach-3\">\n\t<figure class=\"micil-gr\u00e1ta-sh\u00edmpl\u00ed-p\u00e1iste\">\n\t\t<video controls=\"\">\n\t\t\t<source src=\"https:\/\/www.joeheaney.org\/00-micil\/me\u00e1in\/athch\u00f3iri\u00fa-as-i-roved-out-3.webm\" type=\"video\/webm\">\n\t\t\t<source src=\"https:\/\/www.joeheaney.org\/00-micil\/me\u00e1in\/athch\u00f3iri\u00fa-as-i-roved-out-3.mp4\" type=\"video\/mp4\">\n\t\t<\/video>\n\t\t<figcaption><cite>As I Roved Out<\/cite>; roim \u204a d\u00e1 \u00e9is<\/figcaption>\n\t<\/figure>\n<\/div>\n\n\n\n<p>T\u00e9igh chuig <a href=\"#\"><cite class=\"amhr\u00e1n\">As I Roved Out<\/cite> (3)<\/a> sna Cartlanna.<\/p>","protected":false},"excerpt":{"rendered":"","protected":false},"author":1,"featured_media":0,"parent":0,"menu_order":0,"comment_status":"closed","ping_status":"closed","template":"templates\/template-full-width.php","meta":{"footnotes":""},"class_list":["post-2096","page","type-page","status-publish","hentry"],"_links":{"self":[{"href":"https:\/\/www.joeheaney.org\/ga\/wp-json\/wp\/v2\/pages\/2096","targetHints":{"allow":["GET"]}}],"collection":[{"href":"https:\/\/www.joeheaney.org\/ga\/wp-json\/wp\/v2\/pages"}],"about":[{"href":"https:\/\/www.joeheaney.org\/ga\/wp-json\/wp\/v2\/types\/page"}],"author":[{"embeddable":true,"href":"https:\/\/www.joeheaney.org\/ga\/wp-json\/wp\/v2\/users\/1"}],"replies":[{"embeddable":true,"href":"https:\/\/www.joeheaney.org\/ga\/wp-json\/wp\/v2\/comments?post=2096"}],"version-history":[{"count":45,"href":"https:\/\/www.joeheaney.org\/ga\/wp-json\/wp\/v2\/pages\/2096\/revisions"}],"predecessor-version":[{"id":3746,"href":"https:\/\/www.joeheaney.org\/ga\/wp-json\/wp\/v2\/pages\/2096\/revisions\/3746"}],"wp:attachment":[{"href":"https:\/\/www.joeheaney.org\/ga\/wp-json\/wp\/v2\/media?parent=2096"}],"curies":[{"name":"wp","href":"https:\/\/api.w.org\/{rel}","templated":true}]}}