{"id":1283,"date":"2016-01-18T11:24:09","date_gmt":"2016-01-18T11:24:09","guid":{"rendered":"https:\/\/www.joeheaney.org\/ga\/?page_id=1283"},"modified":"2021-04-01T10:25:36","modified_gmt":"2021-04-01T09:25:36","slug":"tearmai-agus-coinniolacha","status":"publish","type":"page","link":"https:\/\/www.joeheaney.org\/ga\/tearmai-agus-coinniolacha\/","title":{"rendered":"Na Cartlanna: T\u00e9arma\u00ed \u204a Coinn\u00edolacha"},"content":{"rendered":"<p>T\u00e1 Cartlanna Sheosaimh U\u00ed&nbsp;\u00c9ana\u00ed faoi ch\u00f3ipcheart ag <a href=\"https:\/\/www.oegaillimh.ie\/\">Ollscoil na h\u00c9ireann, Gaillimh<\/a>. T\u00e1 gach ceart ar cosnamh.<\/p>\n\n\n\n<p>T\u00e1 s\u00fail againn go mbainfidh t\u00fa taithneamh as na Cartlanna a \u00fas\u00e1id ach tugtar faoi deara gur le haghaidh scaipeadh faisn\u00e9ise <em>amh\u00e1in<\/em> a cuireadh ar f\u00e1il iad. <span style=\"background: #fafe4b; font-variant: small-caps;\"><strong>Is <em>ar do phriacail f\u00e9in amh\u00e1in<\/em> go mbaineann t\u00fa p\u00e9 ar bith \u00fas\u00e1id a bhaineann t\u00fa as an bhfaisn\u00e9is at\u00e1 foilsithe sna Cartlanna.<\/strong><\/span><\/p>\n\n\n\n<p>Rinneadh chuille iarracht lena dheimhni\u00fa go bhfuil an fhaisn\u00e9is seo cruinn. <span style=\"background: #fafe4b; font-variant: small-caps;\"><strong>Mar sin f\u00e9in, <em>n\u00ed ghlactar le freagracht<\/em> in aon chaillteanas, d\u00edobh\u00e1il n\u00f3 chostas a bheadh ann de bharr an fhaisn\u00e9is a bheith am\u00fa.<\/strong><\/span><\/p>\n\n\n\n<p><span style=\"background: #fafe4b; font-variant: small-caps;\"><strong>T\u00e1 dianchosc ar athdh\u00e1ileadh agus ar ath\u00fas\u00e1id an \u00e1bhair at\u00e1 sna Cartlanna seo ar aon l\u00e1ithre\u00e1n gr\u00e9as\u00e1in n\u00e1 ar aon ard\u00e1n d\u00e1ilte eile, agus t\u00e1 dianchosc ar \u00e9 a st\u00f3r\u00e1il in aon mhe\u00e1n eile,<\/strong><\/span> gan <a href=\"https:\/\/www.joeheaney.org\/ga\/dean-teagmhail\/\">cead scr\u00edofa a fh\u00e1il<\/a> ar dt\u00fais \u00f3 cheannaire an tionscadail.<\/p>","protected":false},"excerpt":{"rendered":"","protected":false},"author":1,"featured_media":0,"parent":0,"menu_order":0,"comment_status":"closed","ping_status":"closed","template":"templates\/template-full-width.php","meta":{"footnotes":""},"class_list":["post-1283","page","type-page","status-publish","hentry"],"_links":{"self":[{"href":"https:\/\/www.joeheaney.org\/ga\/wp-json\/wp\/v2\/pages\/1283","targetHints":{"allow":["GET"]}}],"collection":[{"href":"https:\/\/www.joeheaney.org\/ga\/wp-json\/wp\/v2\/pages"}],"about":[{"href":"https:\/\/www.joeheaney.org\/ga\/wp-json\/wp\/v2\/types\/page"}],"author":[{"embeddable":true,"href":"https:\/\/www.joeheaney.org\/ga\/wp-json\/wp\/v2\/users\/1"}],"replies":[{"embeddable":true,"href":"https:\/\/www.joeheaney.org\/ga\/wp-json\/wp\/v2\/comments?post=1283"}],"version-history":[{"count":13,"href":"https:\/\/www.joeheaney.org\/ga\/wp-json\/wp\/v2\/pages\/1283\/revisions"}],"predecessor-version":[{"id":3745,"href":"https:\/\/www.joeheaney.org\/ga\/wp-json\/wp\/v2\/pages\/1283\/revisions\/3745"}],"wp:attachment":[{"href":"https:\/\/www.joeheaney.org\/ga\/wp-json\/wp\/v2\/media?parent=1283"}],"curies":[{"name":"wp","href":"https:\/\/api.w.org\/{rel}","templated":true}]}}