{"id":21,"date":"2014-11-12T14:57:47","date_gmt":"2014-11-12T14:57:47","guid":{"rendered":"https:\/\/www.joeheaney.org\/en\/?page_id=21"},"modified":"2021-04-01T11:18:20","modified_gmt":"2021-04-01T10:18:20","slug":"breis-staideir","status":"publish","type":"page","link":"https:\/\/www.joeheaney.org\/en\/breis-staideir\/","title":{"rendered":"Joe Heaney: Further Study"},"content":{"rendered":"<p><b>Please note:<\/b> These lists refer to general publications and to material belonging to other institutions and individuals. They do <em>not<\/em> reference recordings held here in these Archives.<\/p>\n\n\n\n<p>A great deal of information is available regarding both Joe Heaney and the tradition from which he emerged: <i class=\"cor-cainte-teangan-eile\">sean-n\u00f3s<\/i> singing and dancing, storytelling, folklore, Gaelic culture and tradition and the culture and tradition of the Iorras Aithneach district in particular. We&#8217;re after compiling the following reference lists for anyone interested in finding out more.<\/p>\n\n\n\n<h2 class=\"wp-block-heading\">Audio \u204a video lists<\/h2>\n\n\n\n<p>The <a href=\"https:\/\/www.joeheaney.org\/en\/breis-staideir\/liostai-fuaime-agus-fiseain\/\">audio and video lists<\/a> refer to media recordings made by <a href=\"https:\/\/www.joeheaney.org\/en\/breis-staideir\/liostai-fuaime-agus-fiseain\/taifeadtai-mean-joe-einniu\/\">Joe Heaney himself<\/a> and <a href=\"https:\/\/www.joeheaney.org\/en\/breis-staideir\/liostai-fuaime-agus-fiseain\/taifeadtai-mean-amhranaithe-shean-nois-eagsula\/\">other <i class=\"cor-cainte-teangan-eile\">sean-n\u00f3s<\/i> singers<\/a> \u2014 on record, for the radio, for television or for the Internet.<\/p>\n\n\n\n<h2 class=\"wp-block-heading\" id=\"a:liosta\u00ed-l\u00e9itheoireachta\">Reading lists<\/h2>\n\n\n\n<p>The <a href=\"https:\/\/www.joeheaney.org\/en\/breis-staideir\/liostai-leitheoireachta\/\">reading lists<\/a> contain references to written material \u2014 books, articles, essays, academic papers, newspaper articles and so on.<\/p>\n\n\n\n<h3 class=\"wp-block-heading\" id=\"a:m\u00edreanna-roghnaithe\">Selected items<\/h3>\n\n\n\n<h4 class=\"wp-block-heading\">Steve Coleman<\/h4>\n\n\n\n<dl class=\"liosta-tagartha-1\">\n<dt>\u2018Joe Heaney Meets the Academy\u2019<\/dt>\n<dd><a href=\"https:\/\/www.academia.edu\/38161970\/Joe_Heaney_Meets_the_Academy\">Ar f\u00e1il ar l\u00edne<\/a> ag academia.edu.<\/dd>\n<dd><cite>Irish Journal of Anthropology<\/cite>, 1996.<\/dd>\n<dt>\u2018Joe Heaney and Style in Sean-n\u00f3s Singing\u2019<\/dt>\n<dd><a href=\"https:\/\/www.academia.edu\/330643\/Joe_Heaney_and_Style_In_Sean_Nos_Singing\">Ar f\u00e1il ar l\u00edne<\/a> ag academia.edu.<\/dd>\n<dd><cite>Bias: the Local Accent in Irish Traditional Music<\/cite>, 1997.<\/dd>\n<dt>\u2018Return From the West: a Poetics of Voice In Irish\u2019<\/dt>\n<dd><a href=\"https:\/\/www.academia.edu\/330641\/Return_From_the_West_a_Poetics_of_Voice_In_Irish\">Ar f\u00e1il ar l\u00edne<\/a> ag academia.edu.<\/dd>\n<dd>A Dissertation submitted to the Faculty of the Division of the Social Sciences in candidacy for the degree of Doctor of Philosophy. Department of Anthropology in August 1999.<\/dd>\n<dd>D\u00edr\u00edtear aird l\u00e9itheoir\u00ed ar Chaibidil 8 go h\u00e1irithe.<\/dd>\n<\/dl>\n\n\n\n<h4 class=\"wp-block-heading\">Eamonn Costello<\/h4>\n\n\n\n<dl class=\"liosta-tagartha-1\">\n<dt>\u2018Sean-n\u00f3s Song in the Oireachtas na Gaeilge Festival: The Aesthetics of sean-n\u00f3s song through the Gaze of the Oireachtas na Gaeilge Adjudicators\u2019<\/dt>\n<dd><a href=\"https:\/\/www.academia.edu\/35567367\/Sean_n\u00f3s_song_in_the_Oireachtas_na_Gaeilge_Festival_The_Aesthetics_of_sean_n\u00f3s_song_through_the_Gaze_of_the_Oireachtas_na_Gaeilge_Adjudicators\">Ar f\u00e1il ar l\u00edne<\/a> ag academia.edu.<\/dd>\n<dd><cite>Ethnomusicology Ireland<\/cite> 5, 201.<\/dd>\n<\/dl>\n\n\n\n<h4 class=\"wp-block-heading\">S\u00edle Denvir<\/h4>\n\n\n\n<dl class=\"liosta-tagartha-1\">\n<dt>\u2018What is Sean-N\u00f3s Singing?\u2019 on <cite>The Rolling Wave Podcast<\/cite><\/dt>\n<dd><a href=\"https:\/\/www.rte.ie\/culture\/2020\/0331\/1127618-what-is-sean-nos-singing-the-rolling-wave-podcast\/\">Available on line<\/a> on the <abbr title=\"Raidi\u00f3 Teilif\u00eds \u00c9ireann\">RT\u00c9<\/abbr> website.<\/dd>\n<\/dl>\n\n\n\n<h4 class=\"wp-block-heading\">Stephanie Ford<\/h4>\n\n\n\n<dl class=\"liosta-tagartha-1\">\n<dt>\u2018Marginalised and Emerging Identities: The Traditional Voice in Irish Contemporary Music\u2019 in <cite>NPPSH: Dialectics<\/cite> Volume 1: Developing Identities in the 21st Century<\/dt>\n<dd><a href=\"https:\/\/core.ac.uk\/download\/pdf\/297024853.pdf\">Available on line<\/a> on the CORE website.<\/dd>\n<\/dl>\n\n\n\n<h4 class=\"wp-block-heading\">Julie Henigan<\/h4>\n\n\n\n<dl class=\"liosta-tagartha-1\">\n<dt><cite>Sean-n\u00f3s in America: A Study of Two Singers<\/cite><\/dt>\n<dd><a href=\"https:\/\/www.academia.edu\/9771403\/Masters_Thesis_Sean_N\u00f3s_in_America_A_Study_of_Two_Singers\">Ar f\u00e1il ar l\u00edne<\/a> ag academia.edu.<\/dd>\n<dd>A Thesis submitted to the faculty of North Carolina at Chapel Hill in partial fulfillment of the requirements for the degree of Master of Arts in the Curriculum of Folklore, 1989. Revised 1994.<\/dd>\n<\/dl>\n\n\n\n<h4 class=\"wp-block-heading\">Anthony Mc&nbsp;Cann<\/h4>\n\n\n\n<dl class=\"liosta-tagartha-1\">\n<dt>\u2018Sean-n\u00f3s singing \u2014 A Bluffers Guide\u2019 in <cite>The Living Tradition<\/cite> Issue 24, June\/July 1998<\/dt>\n<dd><a href=\"https:\/\/www.folkmusic.net\/htmfiles\/inart378.htm\">Available on line<\/a> at folkmusic.net.<\/dd>\n<\/dl>\n\n\n\n<h4 class=\"wp-block-heading\">Lillis \u00d3&nbsp;Laoire<\/h4>\n\n\n\n<dl class=\"liosta-tagartha-1\">\n<dt>\u2018From Galway Bay to Sydney Harbour: Joe Heaney\u2019s Concert at the Sydney Opera House in 1981\u2019 in <cite>B\u00e9aloideas 81<\/cite> (1):170\u2013190<\/dt>\n<dd><a href=\"https:\/\/aran.library.nuigalway.ie\/bitstream\/handle\/10379\/5875\/From_Galway_Bay_to_Sydney_Harbour_leasuithe_pre-print.pdf\">Available on line<\/a> on National University of Ireland\u2019s website.<\/dd>\n<dt><cite>Traditional Song in Ireland: Living Fossil or Dynamic Resource?<\/cite><\/dt>\n<dd><a href=\"https:\/\/journals.library.mun.ca\/ojs\/index.php\/singing\/article\/view\/940\/815\">Ar f\u00e1il ar l\u00edne<\/a> ag Memorial University Libraries.<\/dd>\n<dt><cite>National identity and local ethnicity: The case of the Gaelic League\u2019s Oireochlos sean-n\u00f3s singing competitions<\/cite><\/dt>\n<dd><a href=\"https:\/\/journals.library.mun.ca\/ojs\/index.php\/singing\/article\/view\/671\/585\">Ar f\u00e1il ar l\u00edne<\/a> ag Memorial University Libraries.<\/dd>\n<dt>\u2018Cartlanna Sheosaimh U\u00ed&nbsp;\u00c9ana\u00ed: The Joe Heaney Archives\u2019<\/dt>\n<dd><a href=\"https:\/\/journal.oraltradition.org\/wp-content\/uploads\/files\/articles\/28ii\/22_28.2.pdf\">Ar f\u00e1il ar l\u00edne<\/a> ag oraltradition.org.<\/dd>\n<dd><cite>Oral Tradition<\/cite>, 28\/2 (2013):363\u2013370.<\/dd>\n<\/dl>\n\n\n\n<h4 class=\"wp-block-heading\">Vanessa Thacker<\/h4>\n\n\n\n<dl class=\"liosta-tagartha-1\">\n<dt><cite>Adapting Voices: The Musical Lifeworld of Sean-n\u00f3s Singing in Carna, Ireland<\/cite> (PhD thesis)<\/dt>\n<dd><a href=\"https:\/\/tspace.library.utoronto.ca\/handle\/1807\/89667\">Available on line<\/a> at TSpace, University of Toronto.<\/dd>\n<\/dl>","protected":false},"excerpt":{"rendered":"","protected":false},"author":2,"featured_media":0,"parent":0,"menu_order":0,"comment_status":"closed","ping_status":"open","template":"templates\/template-full-width.php","meta":{"footnotes":""},"class_list":["post-21","page","type-page","status-publish","hentry"],"_links":{"self":[{"href":"https:\/\/www.joeheaney.org\/en\/wp-json\/wp\/v2\/pages\/21","targetHints":{"allow":["GET"]}}],"collection":[{"href":"https:\/\/www.joeheaney.org\/en\/wp-json\/wp\/v2\/pages"}],"about":[{"href":"https:\/\/www.joeheaney.org\/en\/wp-json\/wp\/v2\/types\/page"}],"author":[{"embeddable":true,"href":"https:\/\/www.joeheaney.org\/en\/wp-json\/wp\/v2\/users\/2"}],"replies":[{"embeddable":true,"href":"https:\/\/www.joeheaney.org\/en\/wp-json\/wp\/v2\/comments?post=21"}],"version-history":[{"count":144,"href":"https:\/\/www.joeheaney.org\/en\/wp-json\/wp\/v2\/pages\/21\/revisions"}],"predecessor-version":[{"id":3724,"href":"https:\/\/www.joeheaney.org\/en\/wp-json\/wp\/v2\/pages\/21\/revisions\/3724"}],"wp:attachment":[{"href":"https:\/\/www.joeheaney.org\/en\/wp-json\/wp\/v2\/media?parent=21"}],"curies":[{"name":"wp","href":"https:\/\/api.w.org\/{rel}","templated":true}]}}